{"id":2255,"date":"2025-07-23T13:55:03","date_gmt":"2025-07-23T11:55:03","guid":{"rendered":"https:\/\/www.authentic-man.com\/produkt\/authentic-man-retreat-2025-protettore\/"},"modified":"2025-07-23T13:55:03","modified_gmt":"2025-07-23T11:55:03","slug":"authentic-man-retreat-2025-protettore","status":"publish","type":"product","link":"https:\/\/www.authentic-man.com\/it\/prodotto\/authentic-man-retreat-2025-protettore\/","title":{"rendered":"Authentic Man Retreat 2025 &#8211; Protettore"},"content":{"rendered":"<div class=\"elementor-element elementor-element-edit-mode elementor-element-5429e73 elementor-element--toggle-edit-tools elementor-widget elementor-widget-heading\" data-id=\"5429e73\" data-element_type=\"widget\" data-model-cid=\"c376\" data-widget_type=\"heading.default\">\n<div class=\"elementor-widget-container\">\n<h2 class=\"elementor-heading-title elementor-size-default elementor-inline-editing\" style=\"text-align: center;\" data-elementor-setting-key=\"title\">\u00c8 GIUNTO IL MOMENTO, ORA ANCHE TU PUOI GODERE DI AUTENTICA LIBERT\u00c0 E APPAGAMENTO<\/h2>\n<p style=\"text-align: center;\">Come uomini, siamo rinchiusi in una prigione interiore \u201ccollettiva\u201d fatta di responsabilit\u00e0 e sovraccarico, che ne siamo consapevoli o meno. Da anni la societ\u00e0, le regole e la religione limitano la nostra mascolinit\u00e0. In questo intenso ritiro, apriremo le porte della mascolinit\u00e0 e scopriremo il nostro vero io, la nostra autenticit\u00e0 come uomini. Questo potente ritiro dar\u00e0 nuova luce alla tua vita di uomo, alla tua famiglia, alla tua relazione e alla tua professione. Scoprir\u00e0 e rafforzer\u00e0 le tue qualit\u00e0 innate come l&#8217;autenticit\u00e0, il coraggio, la responsabilit\u00e0, la forza, la leadership e la determinazione.    <\/p>\n<\/div>\n<\/div>\n<div class=\"elementor-element elementor-element-edit-mode elementor-element-b01f958 elementor-element--toggle-edit-tools elementor-widget elementor-widget-text-editor\" data-id=\"b01f958\" data-element_type=\"widget\" data-model-cid=\"c379\" data-widget_type=\"text-editor.default\">\n<div class=\"elementor-widget-container\">\n<div class=\"elementor-text-editor elementor-clearfix elementor-inline-editing\" data-elementor-setting-key=\"editor\" data-elementor-inline-editing-toolbar=\"advanced\">\n<p style=\"text-align: center;\">Consapevoli che seminari simili dedicati allo sviluppo personale sono spesso molto costosi, per noi \u00e8 fondamentale che l&#8217;Authentic Man Retreat sia accessibile a tutti, pertanto abbiamo mantenuto il prezzo molto basso rispetto alla media.<\/p>\n<p style=\"text-align: center;\">Paghi 0 CHF di tasse scolastiche pi\u00f9 680 CHF per vitto e alloggio.<\/p>\n<p style=\"text-align: center;\">Sono inclusi tutti i documenti, i rituali e le procedure, nonch\u00e9 l&#8217;assistenza per l&#8217;integrazione a casa.<\/p>\n<\/div>\n<\/div>\n<\/div>\n","protected":false},"excerpt":{"rendered":"<p>15. &#8211; 23. Settembre 2025 | Golden Oaks, Toscana, Italien<\/p>\n<p><strong>In qualit\u00e0 di protettore, pagherai solo 680 CHF per vitto e alloggio. &#8211;<\/strong><\/p>\n<p>Immergiti in un intenso ritiro per uomini: profondamente trasformante, unificante, potente.<\/p>\n<p>composto da:<\/p>\n<ul>\n<li>Costo del corso: 0 CHF<\/li>\n<li>Alloggio con pensione completa biologica: 680 CHF<\/li>\n<\/ul>\n<p>Possibilit\u00e0 di pagamento rateale &#8211; Contattaci. Se il ritiro ti attira, ma il prezzo rappresenta un ostacolo, contattaci comunque. Troveremo insieme una soluzione: in modo onesto, aperto e orientato alla ricerca di soluzioni.  <\/p>\n","protected":false},"featured_media":2159,"comment_status":"open","ping_status":"closed","template":"","meta":[],"product_brand":[],"product_cat":[75],"product_tag":[],"class_list":{"0":"post-2255","1":"product","2":"type-product","3":"status-publish","4":"has-post-thumbnail","6":"product_cat-protettore","8":"first","9":"instock","10":"purchasable","11":"product-type-simple"},"yoast_head":"<!-- This site is optimized with the Yoast SEO plugin v27.4 - https:\/\/yoast.com\/product\/yoast-seo-wordpress\/ -->\n<title>Authentic Man Retreat 2025 - Protettore - Authentic Man<\/title>\n<meta name=\"robots\" content=\"index, follow, max-snippet:-1, max-image-preview:large, max-video-preview:-1\" \/>\n<link rel=\"canonical\" href=\"https:\/\/www.authentic-man.com\/it\/prodotto\/authentic-man-retreat-2025-protettore\/\" \/>\n<meta property=\"og:locale\" content=\"it_IT\" \/>\n<meta property=\"og:type\" content=\"article\" \/>\n<meta property=\"og:title\" content=\"Authentic Man Retreat 2025 - Protettore - Authentic Man\" \/>\n<meta property=\"og:description\" content=\"15. - 23. Settembre 2025 | Golden Oaks, Toscana, Italien In qualit\u00e0 di protettore, pagherai solo 680 CHF per vitto e alloggio. - Immergiti in un intenso ritiro per uomini: profondamente trasformante, unificante, potente. composto da:  Costo del corso: 0 CHF  Alloggio con pensione completa biologica: 680 CHF Possibilit\u00e0 di pagamento rateale - Contattaci. Se il ritiro ti attira, ma il prezzo rappresenta un ostacolo, contattaci comunque. Troveremo insieme una soluzione: in modo onesto, aperto e orientato alla ricerca di soluzioni.\" \/>\n<meta property=\"og:url\" content=\"https:\/\/www.authentic-man.com\/it\/prodotto\/authentic-man-retreat-2025-protettore\/\" \/>\n<meta property=\"og:site_name\" content=\"Authentic Man\" \/>\n<meta property=\"og:image\" content=\"https:\/\/i0.wp.com\/www.authentic-man.com\/wp-content\/uploads\/2024\/10\/IMG_9442-scaled.jpeg?fit=2560%2C1920&ssl=1\" \/>\n\t<meta property=\"og:image:width\" content=\"2560\" \/>\n\t<meta property=\"og:image:height\" content=\"1920\" \/>\n\t<meta property=\"og:image:type\" content=\"image\/jpeg\" \/>\n<meta name=\"twitter:card\" content=\"summary_large_image\" \/>\n<meta name=\"twitter:label1\" content=\"Tempo di lettura stimato\" \/>\n\t<meta name=\"twitter:data1\" content=\"1 minuto\" \/>\n<script type=\"application\/ld+json\" class=\"yoast-schema-graph\">{\"@context\":\"https:\\\/\\\/schema.org\",\"@graph\":[{\"@type\":\"WebPage\",\"@id\":\"https:\\\/\\\/www.authentic-man.com\\\/it\\\/prodotto\\\/authentic-man-retreat-2025-protettore\\\/\",\"url\":\"https:\\\/\\\/www.authentic-man.com\\\/it\\\/prodotto\\\/authentic-man-retreat-2025-protettore\\\/\",\"name\":\"Authentic Man Retreat 2025 - Protettore - Authentic Man\",\"isPartOf\":{\"@id\":\"https:\\\/\\\/www.authentic-man.com\\\/it\\\/#website\"},\"primaryImageOfPage\":{\"@id\":\"https:\\\/\\\/www.authentic-man.com\\\/it\\\/prodotto\\\/authentic-man-retreat-2025-protettore\\\/#primaryimage\"},\"image\":{\"@id\":\"https:\\\/\\\/www.authentic-man.com\\\/it\\\/prodotto\\\/authentic-man-retreat-2025-protettore\\\/#primaryimage\"},\"thumbnailUrl\":\"https:\\\/\\\/i0.wp.com\\\/www.authentic-man.com\\\/wp-content\\\/uploads\\\/2024\\\/10\\\/IMG_9442-scaled.jpeg?fit=2560%2C1920&ssl=1\",\"datePublished\":\"2025-07-23T11:55:03+00:00\",\"breadcrumb\":{\"@id\":\"https:\\\/\\\/www.authentic-man.com\\\/it\\\/prodotto\\\/authentic-man-retreat-2025-protettore\\\/#breadcrumb\"},\"inLanguage\":\"it-IT\",\"potentialAction\":[{\"@type\":\"ReadAction\",\"target\":[\"https:\\\/\\\/www.authentic-man.com\\\/it\\\/prodotto\\\/authentic-man-retreat-2025-protettore\\\/\"]}]},{\"@type\":\"ImageObject\",\"inLanguage\":\"it-IT\",\"@id\":\"https:\\\/\\\/www.authentic-man.com\\\/it\\\/prodotto\\\/authentic-man-retreat-2025-protettore\\\/#primaryimage\",\"url\":\"https:\\\/\\\/i0.wp.com\\\/www.authentic-man.com\\\/wp-content\\\/uploads\\\/2024\\\/10\\\/IMG_9442-scaled.jpeg?fit=2560%2C1920&ssl=1\",\"contentUrl\":\"https:\\\/\\\/i0.wp.com\\\/www.authentic-man.com\\\/wp-content\\\/uploads\\\/2024\\\/10\\\/IMG_9442-scaled.jpeg?fit=2560%2C1920&ssl=1\",\"width\":2560,\"height\":1920,\"caption\":\"Una foto di gruppo dell'entusiasta gruppo di Authentic Man. Dopo il ritiro in Toscana, continuerete ad essere accompagnati online in un gruppo Telegram, sia prima che dopo il ritiro. Grazie a questo legame, l'autenticit\u00e0 degli uomini si radicher\u00e0 nella vita quotidiana. Durante questo mese insieme, gli uomini riceveranno un sostegno essenziale, e lo scambio e la presenza accompagneranno questa integrazione.\"},{\"@type\":\"BreadcrumbList\",\"@id\":\"https:\\\/\\\/www.authentic-man.com\\\/it\\\/prodotto\\\/authentic-man-retreat-2025-protettore\\\/#breadcrumb\",\"itemListElement\":[{\"@type\":\"ListItem\",\"position\":1,\"name\":\"Startseite\",\"item\":\"https:\\\/\\\/www.authentic-man.com\\\/it\\\/\"},{\"@type\":\"ListItem\",\"position\":2,\"name\":\"Shop\",\"item\":\"https:\\\/\\\/www.authentic-man.com\\\/it\\\/shop\\\/\"},{\"@type\":\"ListItem\",\"position\":3,\"name\":\"Authentic Man Retreat 2025 &#8211; Protettore\"}]},{\"@type\":\"WebSite\",\"@id\":\"https:\\\/\\\/www.authentic-man.com\\\/it\\\/#website\",\"url\":\"https:\\\/\\\/www.authentic-man.com\\\/it\\\/\",\"name\":\"Authentic Man\",\"description\":\"\",\"publisher\":{\"@id\":\"https:\\\/\\\/www.authentic-man.com\\\/it\\\/#organization\"},\"potentialAction\":[{\"@type\":\"SearchAction\",\"target\":{\"@type\":\"EntryPoint\",\"urlTemplate\":\"https:\\\/\\\/www.authentic-man.com\\\/it\\\/?s={search_term_string}\"},\"query-input\":{\"@type\":\"PropertyValueSpecification\",\"valueRequired\":true,\"valueName\":\"search_term_string\"}}],\"inLanguage\":\"it-IT\"},{\"@type\":\"Organization\",\"@id\":\"https:\\\/\\\/www.authentic-man.com\\\/it\\\/#organization\",\"name\":\"Authentic Man\",\"url\":\"https:\\\/\\\/www.authentic-man.com\\\/it\\\/\",\"logo\":{\"@type\":\"ImageObject\",\"inLanguage\":\"it-IT\",\"@id\":\"https:\\\/\\\/www.authentic-man.com\\\/it\\\/#\\\/schema\\\/logo\\\/image\\\/\",\"url\":\"https:\\\/\\\/www.authentic-man.com\\\/wp-content\\\/uploads\\\/2024\\\/10\\\/Screenshot-2024-10-29-at-11.59.35.png\",\"contentUrl\":\"https:\\\/\\\/www.authentic-man.com\\\/wp-content\\\/uploads\\\/2024\\\/10\\\/Screenshot-2024-10-29-at-11.59.35.png\",\"width\":854,\"height\":726,\"caption\":\"Authentic Man\"},\"image\":{\"@id\":\"https:\\\/\\\/www.authentic-man.com\\\/it\\\/#\\\/schema\\\/logo\\\/image\\\/\"}}]}<\/script>\n<!-- \/ Yoast SEO plugin. -->","yoast_head_json":{"title":"Authentic Man Retreat 2025 - Protettore - Authentic Man","robots":{"index":"index","follow":"follow","max-snippet":"max-snippet:-1","max-image-preview":"max-image-preview:large","max-video-preview":"max-video-preview:-1"},"canonical":"https:\/\/www.authentic-man.com\/it\/prodotto\/authentic-man-retreat-2025-protettore\/","og_locale":"it_IT","og_type":"article","og_title":"Authentic Man Retreat 2025 - Protettore - Authentic Man","og_description":"15. - 23. Settembre 2025 | Golden Oaks, Toscana, Italien In qualit\u00e0 di protettore, pagherai solo 680 CHF per vitto e alloggio. - Immergiti in un intenso ritiro per uomini: profondamente trasformante, unificante, potente. composto da:  Costo del corso: 0 CHF  Alloggio con pensione completa biologica: 680 CHF Possibilit\u00e0 di pagamento rateale - Contattaci. Se il ritiro ti attira, ma il prezzo rappresenta un ostacolo, contattaci comunque. Troveremo insieme una soluzione: in modo onesto, aperto e orientato alla ricerca di soluzioni.","og_url":"https:\/\/www.authentic-man.com\/it\/prodotto\/authentic-man-retreat-2025-protettore\/","og_site_name":"Authentic Man","og_image":[{"width":2560,"height":1920,"url":"https:\/\/i0.wp.com\/www.authentic-man.com\/wp-content\/uploads\/2024\/10\/IMG_9442-scaled.jpeg?fit=2560%2C1920&ssl=1","type":"image\/jpeg"}],"twitter_card":"summary_large_image","twitter_misc":{"Tempo di lettura stimato":"1 minuto"},"schema":{"@context":"https:\/\/schema.org","@graph":[{"@type":"WebPage","@id":"https:\/\/www.authentic-man.com\/it\/prodotto\/authentic-man-retreat-2025-protettore\/","url":"https:\/\/www.authentic-man.com\/it\/prodotto\/authentic-man-retreat-2025-protettore\/","name":"Authentic Man Retreat 2025 - Protettore - Authentic Man","isPartOf":{"@id":"https:\/\/www.authentic-man.com\/it\/#website"},"primaryImageOfPage":{"@id":"https:\/\/www.authentic-man.com\/it\/prodotto\/authentic-man-retreat-2025-protettore\/#primaryimage"},"image":{"@id":"https:\/\/www.authentic-man.com\/it\/prodotto\/authentic-man-retreat-2025-protettore\/#primaryimage"},"thumbnailUrl":"https:\/\/i0.wp.com\/www.authentic-man.com\/wp-content\/uploads\/2024\/10\/IMG_9442-scaled.jpeg?fit=2560%2C1920&ssl=1","datePublished":"2025-07-23T11:55:03+00:00","breadcrumb":{"@id":"https:\/\/www.authentic-man.com\/it\/prodotto\/authentic-man-retreat-2025-protettore\/#breadcrumb"},"inLanguage":"it-IT","potentialAction":[{"@type":"ReadAction","target":["https:\/\/www.authentic-man.com\/it\/prodotto\/authentic-man-retreat-2025-protettore\/"]}]},{"@type":"ImageObject","inLanguage":"it-IT","@id":"https:\/\/www.authentic-man.com\/it\/prodotto\/authentic-man-retreat-2025-protettore\/#primaryimage","url":"https:\/\/i0.wp.com\/www.authentic-man.com\/wp-content\/uploads\/2024\/10\/IMG_9442-scaled.jpeg?fit=2560%2C1920&ssl=1","contentUrl":"https:\/\/i0.wp.com\/www.authentic-man.com\/wp-content\/uploads\/2024\/10\/IMG_9442-scaled.jpeg?fit=2560%2C1920&ssl=1","width":2560,"height":1920,"caption":"Una foto di gruppo dell'entusiasta gruppo di Authentic Man. Dopo il ritiro in Toscana, continuerete ad essere accompagnati online in un gruppo Telegram, sia prima che dopo il ritiro. Grazie a questo legame, l'autenticit\u00e0 degli uomini si radicher\u00e0 nella vita quotidiana. Durante questo mese insieme, gli uomini riceveranno un sostegno essenziale, e lo scambio e la presenza accompagneranno questa integrazione."},{"@type":"BreadcrumbList","@id":"https:\/\/www.authentic-man.com\/it\/prodotto\/authentic-man-retreat-2025-protettore\/#breadcrumb","itemListElement":[{"@type":"ListItem","position":1,"name":"Startseite","item":"https:\/\/www.authentic-man.com\/it\/"},{"@type":"ListItem","position":2,"name":"Shop","item":"https:\/\/www.authentic-man.com\/it\/shop\/"},{"@type":"ListItem","position":3,"name":"Authentic Man Retreat 2025 &#8211; Protettore"}]},{"@type":"WebSite","@id":"https:\/\/www.authentic-man.com\/it\/#website","url":"https:\/\/www.authentic-man.com\/it\/","name":"Authentic Man","description":"","publisher":{"@id":"https:\/\/www.authentic-man.com\/it\/#organization"},"potentialAction":[{"@type":"SearchAction","target":{"@type":"EntryPoint","urlTemplate":"https:\/\/www.authentic-man.com\/it\/?s={search_term_string}"},"query-input":{"@type":"PropertyValueSpecification","valueRequired":true,"valueName":"search_term_string"}}],"inLanguage":"it-IT"},{"@type":"Organization","@id":"https:\/\/www.authentic-man.com\/it\/#organization","name":"Authentic Man","url":"https:\/\/www.authentic-man.com\/it\/","logo":{"@type":"ImageObject","inLanguage":"it-IT","@id":"https:\/\/www.authentic-man.com\/it\/#\/schema\/logo\/image\/","url":"https:\/\/www.authentic-man.com\/wp-content\/uploads\/2024\/10\/Screenshot-2024-10-29-at-11.59.35.png","contentUrl":"https:\/\/www.authentic-man.com\/wp-content\/uploads\/2024\/10\/Screenshot-2024-10-29-at-11.59.35.png","width":854,"height":726,"caption":"Authentic Man"},"image":{"@id":"https:\/\/www.authentic-man.com\/it\/#\/schema\/logo\/image\/"}}]}},"_links":{"self":[{"href":"https:\/\/www.authentic-man.com\/it\/wp-json\/wp\/v2\/product\/2255","targetHints":{"allow":["GET"]}}],"collection":[{"href":"https:\/\/www.authentic-man.com\/it\/wp-json\/wp\/v2\/product"}],"about":[{"href":"https:\/\/www.authentic-man.com\/it\/wp-json\/wp\/v2\/types\/product"}],"replies":[{"embeddable":true,"href":"https:\/\/www.authentic-man.com\/it\/wp-json\/wp\/v2\/comments?post=2255"}],"wp:featuredmedia":[{"embeddable":true,"href":"https:\/\/www.authentic-man.com\/it\/wp-json\/wp\/v2\/media\/2159"}],"wp:attachment":[{"href":"https:\/\/www.authentic-man.com\/it\/wp-json\/wp\/v2\/media?parent=2255"}],"wp:term":[{"taxonomy":"product_brand","embeddable":true,"href":"https:\/\/www.authentic-man.com\/it\/wp-json\/wp\/v2\/product_brand?post=2255"},{"taxonomy":"product_cat","embeddable":true,"href":"https:\/\/www.authentic-man.com\/it\/wp-json\/wp\/v2\/product_cat?post=2255"},{"taxonomy":"product_tag","embeddable":true,"href":"https:\/\/www.authentic-man.com\/it\/wp-json\/wp\/v2\/product_tag?post=2255"}],"curies":[{"name":"wp","href":"https:\/\/api.w.org\/{rel}","templated":true}]}}